{"id":3960,"date":"2020-03-06T08:27:39","date_gmt":"2020-03-06T07:27:39","guid":{"rendered":"https:\/\/halle.dakd.de\/?page_id=3960"},"modified":"2020-07-27T11:20:58","modified_gmt":"2020-07-27T09:20:58","slug":"trauerfeier","status":"publish","type":"page","link":"https:\/\/halle.dakd.de\/am\/home\/trauerfeier\/","title":{"rendered":"Trauerfeier"},"content":{"rendered":"<p><div class=\"fusion-fullwidth fullwidth-box fusion-builder-row-1 nonhundred-percent-fullwidth non-hundred-percent-height-scrolling\" style=\"--awb-border-radius-top-left:0px;--awb-border-radius-top-right:0px;--awb-border-radius-bottom-right:0px;--awb-border-radius-bottom-left:0px;--awb-padding-bottom:40px;--awb-flex-wrap:wrap;\" ><div class=\"fusion-builder-row fusion-row\"><div class=\"fusion-layout-column fusion_builder_column fusion-builder-column-0 fusion_builder_column_1_1 1_1 fusion-one-full fusion-column-first fusion-column-last\" style=\"--awb-bg-size:cover;--awb-margin-bottom:3px;\"><div class=\"fusion-column-wrapper fusion-flex-column-wrapper-legacy\"><div class=\"fusion-title title fusion-title-1 fusion-title-center fusion-title-text fusion-title-size-two\"><div class=\"title-sep-container title-sep-container-left\"><div class=\"title-sep sep-double sep-solid\" style=\"border-color:#e2e2e2;\"><\/div><\/div><span class=\"awb-title-spacer\"><\/span><h2 class=\"fusion-title-heading title-heading-center\" style=\"margin:0;\">Trauerfeier und Abschied<\/h2><span class=\"awb-title-spacer\"><\/span><div class=\"title-sep-container title-sep-container-right\"><div class=\"title-sep sep-double sep-solid\" style=\"border-color:#e2e2e2;\"><\/div><\/div><\/div><div class=\"fusion-text fusion-text-1\" style=\"--awb-content-alignment:left;\"><p style=\"text-align: center;\">Ein Todesfall kann die Hinterbliebenen stark ersch\u00fcttern, vor allem wenn er unerwartet eintritt. Die Angeh\u00f6rigen haben unter Umst\u00e4nden nur wenige Tage<br \/>\nbis zur Beerdigung, um alle notwendigen Schritte einzuleiten, Beh\u00f6rden zu informieren und die Beisetzung zu organisieren. Wir haben einige Tipps und eine Checkliste zusammengestellt, um Sie in diesem Fall zu unterst\u00fctzen.<\/p>\n<\/div><div class=\"fusion-clearfix\"><\/div><\/div><\/div><\/div><\/div><div class=\"fusion-fullwidth fullwidth-box fusion-builder-row-2 fusion-parallax-none nonhundred-percent-fullwidth non-hundred-percent-height-scrolling fusion-equal-height-columns\" style=\"--link_color: #000000;--awb-border-radius-top-left:0px;--awb-border-radius-top-right:0px;--awb-border-radius-bottom-right:0px;--awb-border-radius-bottom-left:0px;--awb-padding-top:140px;--awb-padding-bottom:110px;--awb-background-color:rgba(15,76,129,0);--awb-background-image:url(&quot;http:\/\/halle.dakd.de\/wp-content\/uploads\/2020\/05\/1190-x-450_gelb.jpg&quot;);--awb-background-size:cover;--awb-flex-wrap:wrap;\" ><div class=\"fusion-builder-row fusion-row\"><div class=\"fusion-layout-column fusion_builder_column fusion-builder-column-1 fusion_builder_column_1_2 1_2 fusion-one-half fusion-column-first\" style=\"--awb-bg-size:cover;--awb-margin-bottom:40px;width:50%;width:calc(50% - ( ( 7% ) * 0.5 ) );margin-right: 7%;\"><div class=\"fusion-column-wrapper fusion-flex-column-wrapper-legacy\"><div class=\"fusion-column-content-centered\"><div class=\"fusion-column-content\"><div class=\"fusion-title title fusion-title-2 fusion-title-text fusion-title-size-three\" style=\"--awb-text-color:#ffffff;--awb-margin-bottom:30px;\"><h3 class=\"fusion-title-heading title-heading-left\" style=\"margin:0;\">Beerdigungsritus<\/h3><span class=\"awb-title-spacer\"><\/span><div class=\"title-sep-container\"><div class=\"title-sep sep-double sep-solid\" style=\"border-color:#e2e2e2;\"><\/div><\/div><\/div><div class=\"fusion-text fusion-text-2\" style=\"--awb-content-alignment:left;\"><p style=\"text-align: justify;\"><span style=\"color: #ffffff;\"><em>Denn Staub bist du, und zum Staub musst du zur\u00fcckkehren<\/em><\/span><br \/>\n<span style=\"color: #ffffff;\"><em>Gen. 3, 19<\/em><\/span><\/p>\n<p style=\"text-align: justify;\"><span style=\"color: #ffffff;\">Mit diesem biblischen Gebot ist jedem Menschen bewusst, dass sein irdisches Leben eines Tages ein Ende haben wird. Also der Tod ist die Unterbrechung des menschlichen Lebens, wogegen man nicht gleichg\u00fcltig bleiben kann. Das ist der Grund, warum der Mensch sich gezwungen f\u00fchlt, den Sinn des Lebens und die Frage seiner Existenz tiefgreifender zu erkennen, als das Ph\u00e4nomen der Liebe und der Geburt zu bedenken geben. Vor allem wird man mit dem Tod durch den Tod eines anderen konfrontiert. Lesen Sie den Artikel hier weiter.<\/span><\/p>\n<\/div><div class=\"fusion-sep-clear\"><\/div><div class=\"fusion-separator fusion-full-width-sep\" style=\"margin-left: auto;margin-right: auto;margin-top:20px;width:100%;\"><\/div><div class=\"fusion-sep-clear\"><\/div><div class=\"fusion-button-wrapper\"><a class=\"fusion-button button-flat fusion-button-default-size button-default fusion-button-default button-1 fusion-button-default-span fusion-button-default-type\" target=\"_blank\" rel=\"noopener noreferrer\" href=\"https:\/\/halle.dakd.de\/am\/beerdigungsritus\/\"><span class=\"fusion-button-text\">Weiter lesen<\/span><\/a><\/div><\/div><\/div><div class=\"fusion-clearfix\"><\/div><\/div><\/div><div class=\"fusion-layout-column fusion_builder_column fusion-builder-column-2 fusion_builder_column_1_2 1_2 fusion-one-half fusion-column-last\" style=\"--awb-bg-size:cover;--awb-margin-bottom:0px;width:50%;width:calc(50% - ( ( 7% ) * 0.5 ) );\"><div class=\"fusion-column-wrapper fusion-flex-column-wrapper-legacy\"><div class=\"fusion-image-element in-legacy-container\" style=\"--awb-liftup-border-radius:20px;--awb-caption-title-font-family:var(--h2_typography-font-family);--awb-caption-title-font-weight:var(--h2_typography-font-weight);--awb-caption-title-font-style:var(--h2_typography-font-style);--awb-caption-title-size:var(--h2_typography-font-size);--awb-caption-title-transform:var(--h2_typography-text-transform);--awb-caption-title-line-height:var(--h2_typography-line-height);--awb-caption-title-letter-spacing:var(--h2_typography-letter-spacing);\"><div class=\"awb-image-frame awb-image-frame-1 imageframe-liftup imageframe-1\"><span class=\"fusion-imageframe imageframe-dropshadow imageframe-1\" style=\"border:10px solid #ffffff;border-radius:20px;-webkit-box-shadow: 26px 26px 30px rgba(15,76,129,0.3);box-shadow: 26px 26px 30px rgba(15,76,129,0.3);\"><a class=\"fusion-no-lightbox\" href=\"https:\/\/halle.dakd.de\/am\/trauerfeier\/\" target=\"_self\"><img decoding=\"async\" src=\"http:\/\/halle.dakd.de\/wp-content\/uploads\/2020\/07\/gerezman-1025x700-1.jpg\" alt class=\"img-responsive wp-image-5097\"\/><\/a><\/span><\/div><\/div><div class=\"fusion-clearfix\"><\/div><\/div><\/div><\/div><\/div><div class=\"fusion-fullwidth fullwidth-box fusion-builder-row-3 nonhundred-percent-fullwidth non-hundred-percent-height-scrolling\" style=\"--awb-border-radius-top-left:0px;--awb-border-radius-top-right:0px;--awb-border-radius-bottom-right:0px;--awb-border-radius-bottom-left:0px;--awb-padding-top:93px;--awb-padding-bottom:60px;--awb-flex-wrap:wrap;\" ><div class=\"fusion-builder-row fusion-row\"><div class=\"fusion-layout-column fusion_builder_column fusion-builder-column-3 fusion_builder_column_1_1 1_1 fusion-one-full fusion-column-first fusion-column-last\" style=\"--awb-padding-bottom:40px;--awb-bg-size:cover;\"><div class=\"fusion-column-wrapper fusion-flex-column-wrapper-legacy\"><div class=\"fusion-title title fusion-title-3 fusion-title-center fusion-title-text fusion-title-size-two\"><div class=\"title-sep-container title-sep-container-left\"><div class=\"title-sep sep-double sep-solid\" style=\"border-color:#e2e2e2;\"><\/div><\/div><span class=\"awb-title-spacer\"><\/span><h2 class=\"fusion-title-heading title-heading-center\" style=\"margin:0;\">Drei wichtige Schritte<\/h2><span class=\"awb-title-spacer\"><\/span><div class=\"title-sep-container title-sep-container-right\"><div class=\"title-sep sep-double sep-solid\" style=\"border-color:#e2e2e2;\"><\/div><\/div><\/div><div class=\"fusion-text fusion-text-3\" style=\"--awb-content-alignment:left;\"><p style=\"text-align: center;\">Nichts im Leben ist so gewiss wie die Erkenntnis, dass wir sterben m\u00fcssen. Trotzdem spielt der Tod im Alltag unserer modernen westlichen Gesellschaft kaum eine Rolle. Er wird weitgehendst verdr\u00e4ngt. Doch sp\u00e4testens dann, wenn ein Elternteil, der Partner, Freund oder ein Familienmitglied stirbt, m\u00fcssen wir uns mit den Fragen auseinandersetzen: Wie geht man mit dem Tod um?\u00a0Was tun bei Sterbefall?<\/p>\n<\/div><div class=\"fusion-clearfix\"><\/div><\/div><\/div><div class=\"fusion-layout-column fusion_builder_column fusion-builder-column-4 fusion_builder_column_1_1 1_1 fusion-one-full fusion-column-first fusion-column-last\" style=\"--awb-bg-size:cover;\"><div class=\"fusion-column-wrapper fusion-flex-column-wrapper-legacy\"><div class=\"fusion-flip-boxes flip-boxes row fusion-columns-3 flip-effect-3d equal-heights\" style=\"--awb-flip-duration:0.8s;\"><div class=\"fusion-flip-box-wrapper fusion-column col-lg-4 col-md-4 col-sm-4\"><div class=\"fusion-flip-box flip-up\" tabindex=\"0\"><div class=\"flip-box-inner-wrapper\"><div class=\"flip-box-front\" style=\"--awb-circle-color:#a0ce4e;--awb-circle-border-color:rgba(51,51,51,0);--awb-text-front-color:#cccccc;--awb-background-image-front:url(&#039;http:\/\/halle.dakd.de\/wp-content\/uploads\/2020\/07\/Publikation6.jpg&#039;);\"><div class=\"flip-box-front-inner\"><h2 class=\"flip-box-heading\">Todesfall melden<\/h2>Nach der Meldung des Todesfalls bei entsprechenden Beh\u00f6rden, empfehlen wir die organisatorischen Aufgaben an ein Bestattungsunternehmen abzugeben.<\/div><\/div><div class=\"flip-box-back\" style=\"--awb-circle-color:#a0ce4e;--awb-circle-border-color:rgba(51,51,51,0);\"><div class=\"flip-box-back-inner\">\n<p style=\"text-align: center;\">In Deutschland ist es gesetzlich vorgeschrieben, dass die n\u00e4chsten Angeh\u00f6rigen des Verstorbenen berechtigt und zugleich verpflichtet sind, die Bestattung einzuleiten und zu organisieren. Wird ein Bestattungsinstitut beauftragt hat man mehr Zeit zum Trauern.<\/p>\n<\/div><\/div><\/div><\/div><\/div><div class=\"fusion-flip-box-wrapper fusion-column col-lg-4 col-md-4 col-sm-4\"><div class=\"fusion-flip-box flip-up\" tabindex=\"0\"><div class=\"flip-box-inner-wrapper\"><div class=\"flip-box-front\" style=\"--awb-circle-color:#a0ce4e;--awb-circle-border-color:rgba(51,51,51,0);--awb-text-front-color:#cccccc;--awb-background-image-front:url(&#039;http:\/\/halle.dakd.de\/wp-content\/uploads\/2020\/07\/Publikation6.jpg&#039;);\"><div class=\"flip-box-front-inner\"><h2 class=\"flip-box-heading\">Bestattungstermin<\/h2>In unserer Di\u00f6zese werden die Termine zentral vergeben. Um den Bestattungstermin zu vereinbaren, setzen Sie sich rechtzeitig mit uns in Verbindung. <\/div><\/div><div class=\"flip-box-back\" style=\"--awb-circle-color:#a0ce4e;--awb-circle-border-color:rgba(51,51,51,0);\"><div class=\"flip-box-back-inner\">\n<p style=\"text-align: center;\">Terminvereinbarungen telefonisch<br \/>\nMo &#8211; Fr zwischen 10 und 13 Uhr<br \/>\nunter:<br \/>\n+49 211 7126223<\/p>\n<\/div><\/div><\/div><\/div><\/div><div class=\"fusion-flip-box-wrapper fusion-column col-lg-4 col-md-4 col-sm-4\"><div class=\"fusion-flip-box flip-up\" tabindex=\"0\"><div class=\"flip-box-inner-wrapper\"><div class=\"flip-box-front\" style=\"--awb-circle-color:#a0ce4e;--awb-circle-border-color:rgba(51,51,51,0.01);--awb-text-front-color:#cccccc;--awb-background-image-front:url(&#039;http:\/\/halle.dakd.de\/wp-content\/uploads\/2020\/07\/Publikation6.jpg&#039;);\"><div class=\"flip-box-front-inner\"><h2 class=\"flip-box-heading\">Trauergespr\u00e4ch<\/h2>Nach dem Sie den Todesfall bei der Di\u00f6zese gemeldet haben, wird sie der zust\u00e4ndige Pfarrer kontaktieren, um mit Ihnen den Ablauf des Gottesdienstes zu besprechen.<\/div><\/div><div class=\"flip-box-back\" style=\"--awb-circle-color:#a0ce4e;--awb-circle-border-color:rgba(51,51,51,0.01);\"><div class=\"flip-box-back-inner\">\n<p style=\"text-align: center;\">Beim Trauergespr\u00e4ch wird der Pfarrer Ihnen Trost spenden. Dabei kann die Familie bzw. die Angeh\u00f6rigen \u00fcber den Verstorbene erz\u00e4hlen. Der Pfarrer wird Sie in den Ablauf des Gottesdienstes einf\u00fchren. Gerne k\u00f6nnen auch Sie Ihre Fragen an stellen um einen w\u00fcrdigen Abschied zu erm\u00f6glichen.<\/p>\n<\/div><\/div><\/div><\/div><\/div><\/div><div class=\"clearfix\"><\/div><div class=\"fusion-clearfix\"><\/div><\/div><\/div><\/div><\/div><div class=\"fusion-fullwidth fullwidth-box fusion-builder-row-4 nonhundred-percent-fullwidth non-hundred-percent-height-scrolling\" style=\"--awb-border-radius-top-left:0px;--awb-border-radius-top-right:0px;--awb-border-radius-bottom-right:0px;--awb-border-radius-bottom-left:0px;--awb-padding-top:110px;--awb-padding-bottom:110px;--awb-background-color:#f7f7f7;--awb-flex-wrap:wrap;\" ><div class=\"fusion-builder-row fusion-row\"><div class=\"fusion-layout-column fusion_builder_column fusion-builder-column-5 fusion_builder_column_1_1 1_1 fusion-one-full fusion-column-first fusion-column-last\" style=\"--awb-padding-bottom:44px;--awb-bg-size:cover;\"><div class=\"fusion-column-wrapper fusion-flex-column-wrapper-legacy\"><div class=\"fusion-title title fusion-title-4 fusion-title-center fusion-title-text fusion-title-size-two\" style=\"--awb-margin-bottom:30px;\"><div class=\"title-sep-container title-sep-container-left\"><div class=\"title-sep sep-double sep-solid\" style=\"border-color:#e2e2e2;\"><\/div><\/div><span class=\"awb-title-spacer\"><\/span><h2 class=\"fusion-title-heading title-heading-center\" style=\"margin:0;\">Begr\u00e4bisritus f\u00fcr Laien<\/h2><span class=\"awb-title-spacer\"><\/span><div class=\"title-sep-container title-sep-container-right\"><div class=\"title-sep sep-double sep-solid\" style=\"border-color:#e2e2e2;\"><\/div><\/div><\/div><div class=\"fusion-clearfix\"><\/div><\/div><\/div><div class=\"fusion-layout-column fusion_builder_column fusion-builder-column-6 fusion_builder_column_1_3 1_3 fusion-one-third fusion-column-first\" style=\"--awb-bg-size:cover;width:33.333333333333%;width:calc(33.333333333333% - ( ( 4% ) * 0.33333333333333 ) );margin-right: 4%;\"><div class=\"fusion-column-wrapper fusion-column-has-shadow fusion-flex-column-wrapper-legacy\"><div class=\"fusion-image-element in-legacy-container\" style=\"--awb-caption-title-font-family:var(--h2_typography-font-family);--awb-caption-title-font-weight:var(--h2_typography-font-weight);--awb-caption-title-font-style:var(--h2_typography-font-style);--awb-caption-title-size:var(--h2_typography-font-size);--awb-caption-title-transform:var(--h2_typography-text-transform);--awb-caption-title-line-height:var(--h2_typography-line-height);--awb-caption-title-letter-spacing:var(--h2_typography-letter-spacing);\"><span class=\"fusion-imageframe imageframe-dropshadow imageframe-2 hover-type-none\" style=\"border-radius:20px;-webkit-box-shadow: 9px 9px 13px rgba(15,76,129,0.3);box-shadow: 9px 9px 13px rgba(15,76,129,0.3);\"><img decoding=\"async\" src=\"http:\/\/halle.dakd.de\/wp-content\/uploads\/2020\/07\/Momavarutyun_1025x700.jpg\" alt class=\"img-responsive wp-image-5480\"\/><\/span><\/div><div class=\"fusion-clearfix\"><\/div><\/div><\/div><div class=\"fusion-layout-column fusion_builder_column fusion-builder-column-7 fusion_builder_column_2_3 2_3 fusion-two-third fusion-column-last\" style=\"--awb-bg-size:cover;width:66.666666666667%;width:calc(66.666666666667% - ( ( 4% ) * 0.66666666666667 ) );\"><div class=\"fusion-column-wrapper fusion-column-has-shadow fusion-flex-column-wrapper-legacy\"><div class=\"fusion-clearfix\"><\/div><\/div><\/div><div class=\"fusion-layout-column fusion_builder_column fusion-builder-column-8 fusion_builder_column_1_1 1_1 fusion-one-full fusion-column-first fusion-column-last\" style=\"--awb-bg-size:cover;\"><div class=\"fusion-column-wrapper fusion-column-has-shadow fusion-flex-column-wrapper-legacy\"><div class=\"fusion-sep-clear\"><\/div><div class=\"fusion-separator fusion-full-width-sep\" style=\"margin-left: auto;margin-right: auto;margin-top:15px;margin-bottom:15px;width:100%;\"><\/div><div class=\"fusion-sep-clear\"><\/div><div class=\"fusion-clearfix\"><\/div><\/div><\/div><div class=\"fusion-layout-column fusion_builder_column fusion-builder-column-9 fusion_builder_column_1_1 1_1 fusion-one-full fusion-column-first fusion-column-last fusion-no-medium-visibility fusion-no-large-visibility\" style=\"--awb-bg-size:cover;\"><div class=\"fusion-column-wrapper fusion-column-has-shadow fusion-flex-column-wrapper-legacy\"><div class=\"fusion-text fusion-text-4\" style=\"--awb-content-alignment:left;\"><p style=\"text-align: justify;\">Der Ritus f\u00fcr den Laien ist in drei Phasen unterteilt: Totenoffizium im Sterbehaus, Gebetsgottesdienst in der Kirche (Kapelle auf dem Friedhof) und Begr\u00e4bnisordnung auf dem Friedhof.<\/p>\n<p style=\"text-align: justify;\">Im Sterbehaus richten die Angeh\u00f6rigen die Leiche her (Prothesis). Sie waschen den Toten und kleiden ihn. Dann bahren sie den Leichnam auf. Die Totenwache wird gehalten. Diese letzten Dienste werden von Gebet, Schriftlesung und Psalmengesang begleitet. In Deutschland werden diese Aufgaben vom Bestattungsinstitut \u00fcbernommen, sodass dieses Teil entfehlt. Bei Wunsch kann der Pfarrer denoch im Hause des Verstorbenen ein Gebet aussprechen, bevor dann der Gottesdienst in der Kirche oder Kapelle stattfindet.<\/p>\n<p style=\"text-align: justify;\">In der Kirche wird ein Gebetsgottesdienst abgehalten. Die Leichenprozession zieht weiter zum Friedhof, wo der Verstorbene bestattet wird und der Priester versiegelt das Grab. Klerus und An-geh\u00f6rige kehren in das Trauerhaus zur\u00fcck und beschlie\u00dfen die Begr\u00e4bnisfeier mit Psalm und Gebet. Nach der Bestattung findet eine Nachfeier im Hause des Verstorbenen statt. Sie dient dem Trost und der Erbauung der Angeh\u00f6rigen. Die famili\u00e4re Zusammenkunft nach der Bestattung geh\u00f6rt zum liturgischen Vollzug der Begr\u00e4bnisfeier unmittelbar dazu.<\/p>\n<p style=\"text-align: justify;\">Hierin hebt sich der Laienritus der armenischen Kirche charakteristisch von den Riten der anderen orientalischen Kirchen ab, deren Begr\u00e4bnisliturgie mit der Entlassung auf dem Friedhof endet. Denn die Kirche lehrt die Gemeinschaft der Lebenden und der Entschlafenen, die im Ritus bewahrt werden soll. Somit schlie\u00dft die armenische Kirche die Hinterbliebenen mit den spezifischen teilen f\u00fcr die trauernde Gemeinde in die Begr\u00e4bnisordnung ein. So wird im armenischen Begr\u00e4bnisritus die letzte geistliche Pflicht nicht nur dem Verstorbenen erweisen, sondern auch mit Geist tr\u00f6stenden Reden den Hinterbliebenen.<\/p>\n<\/div><div class=\"fusion-clearfix\"><\/div><\/div><\/div><div class=\"fusion-layout-column fusion_builder_column fusion-builder-column-10 fusion_builder_column_1_1 1_1 fusion-one-full fusion-column-first fusion-column-last fusion-no-small-visibility\" style=\"--awb-bg-size:cover;\"><div class=\"fusion-column-wrapper fusion-column-has-shadow fusion-flex-column-wrapper-legacy\"><div class=\"fusion-text fusion-text-5 awb-text-cols fusion-text-columns-2\" style=\"--awb-content-alignment:left;--awb-columns:2;--awb-column-spacing:2em;--awb-column-min-width:100px;\"><p style=\"text-align: justify;\">Der Ritus f\u00fcr den Laien ist in drei Phasen unterteilt: Totenoffizium im Sterbehaus, Gebetsgottesdienst in der Kirche (Kapelle auf dem Friedhof) und Begr\u00e4bnisordnung auf dem Friedhof.<\/p>\n<p style=\"text-align: justify;\">Im Sterbehaus richten die Angeh\u00f6rigen die Leiche her (Prothesis). Sie waschen den Toten und kleiden ihn. Dann bahren sie den Leichnam auf. Die Totenwache wird gehalten. Diese letzten Dienste werden von Gebet, Schriftlesung und Psalmengesang begleitet. In Deutschland werden diese Aufgaben vom Bestattungsinstitut \u00fcbernommen, sodass dieses Teil entfehlt. Bei Wunsch kann der Pfarrer denoch im Hause des Verstorbenen ein Gebet aussprechen, bevor dann der Gottesdienst in der Kirche oder Kapelle stattfindet.<\/p>\n<p style=\"text-align: justify;\">In der Kirche wird ein Gebetsgottesdienst abgehalten. Die Leichenprozession zieht weiter zum Friedhof, wo der Verstorbene bestattet wird und der Priester versiegelt das Grab. Klerus und An-geh\u00f6rige kehren in das Trauerhaus zur\u00fcck und beschlie\u00dfen die Begr\u00e4bnisfeier mit Psalm und Gebet. Nach der Bestattung findet eine Nachfeier im Hause des Verstorbenen statt. Sie dient dem Trost und der Erbauung der Angeh\u00f6rigen. Die famili\u00e4re Zusammenkunft nach der Bestattung geh\u00f6rt zum liturgischen Vollzug der Begr\u00e4bnisfeier unmittelbar dazu.<\/p>\n<p style=\"text-align: justify;\">Hierin hebt sich der Laienritus der armenischen Kirche charakteristisch von den Riten der anderen orientalischen Kirchen ab, deren Begr\u00e4bnisliturgie mit der Entlassung auf dem Friedhof endet. Denn die Kirche lehrt die Gemeinschaft der Lebenden und der Entschlafenen, die im Ritus bewahrt werden soll. Somit schlie\u00dft die armenische Kirche die Hinterbliebenen mit den spezifischen teilen f\u00fcr die trauernde Gemeinde in die Begr\u00e4bnisordnung ein. So wird im armenischen Begr\u00e4bnisritus die letzte geistliche Pflicht nicht nur dem Verstorbenen erweisen, sondern auch mit Geist tr\u00f6stenden Reden den Hinterbliebenen.<\/p>\n<\/div><div class=\"fusion-clearfix\"><\/div><\/div><\/div><\/div><\/div><\/p>","protected":false},"excerpt":{"rendered":"","protected":false},"author":1,"featured_media":0,"parent":18,"menu_order":0,"comment_status":"closed","ping_status":"closed","template":"100-width.php","meta":{"footnotes":""},"class_list":["post-3960","page","type-page","status-publish","hentry"],"_links":{"self":[{"href":"https:\/\/halle.dakd.de\/am\/wp-json\/wp\/v2\/pages\/3960","targetHints":{"allow":["GET"]}}],"collection":[{"href":"https:\/\/halle.dakd.de\/am\/wp-json\/wp\/v2\/pages"}],"about":[{"href":"https:\/\/halle.dakd.de\/am\/wp-json\/wp\/v2\/types\/page"}],"author":[{"embeddable":true,"href":"https:\/\/halle.dakd.de\/am\/wp-json\/wp\/v2\/users\/1"}],"replies":[{"embeddable":true,"href":"https:\/\/halle.dakd.de\/am\/wp-json\/wp\/v2\/comments?post=3960"}],"version-history":[{"count":0,"href":"https:\/\/halle.dakd.de\/am\/wp-json\/wp\/v2\/pages\/3960\/revisions"}],"up":[{"embeddable":true,"href":"https:\/\/halle.dakd.de\/am\/wp-json\/wp\/v2\/pages\/18"}],"wp:attachment":[{"href":"https:\/\/halle.dakd.de\/am\/wp-json\/wp\/v2\/media?parent=3960"}],"curies":[{"name":"wp","href":"https:\/\/api.w.org\/{rel}","templated":true}]}}